{"id":53,"date":"2015-09-22T13:43:33","date_gmt":"2015-09-22T13:43:33","guid":{"rendered":"http:\/\/salmentaka.com\/kyla\/?page_id=53"},"modified":"2016-10-20T12:33:05","modified_gmt":"2016-10-20T09:33:05","slug":"luikala","status":"publish","type":"page","link":"http:\/\/salmentaka.com\/kyla\/luikala\/","title":{"rendered":"Luikala"},"content":{"rendered":"<p>Luikala on ollut seitsem\u00e4n saaren kyl\u00e4, joilla on sijainnut 13 taloa. Luikalan varhaisista vaiheista kerrotaan tietoja kes\u00e4ll\u00e4 2016 ilmestyneess\u00e4 kyl\u00e4kirjassa \u201d\u00c4l\u00e4h\u00e4n h\u00e4tt\u00e4ile\u201d. Edelleenkin Luikala on kaksiosainen kyl\u00e4, Hiitolinnan kurvi erottaa Aliskyl\u00e4n ja Yliskyl\u00e4n. Aliskyl\u00e4ss\u00e4 talot ovat l\u00e4hekk\u00e4in, vaikka niiden paikkaa isojako m\u00e4\u00e4ritteli uudelleen. \u00c4L\u00c4H\u00c4N H\u00c4TT\u00c4ILE \u2013kirjan sivulla 13 on Kansallisarkiston digitaaliarkistosta karttaosa\u00a0 vuodelta 1857, josta l\u00f6ytyy silloisten talojen paikat.<br \/>\nTilojen mets\u00e4t olivat suurelta osin Laipassa ja taloilla oli useita torppia Ohvenolla.<br \/>\nKoska Luikala on saarista muodostunut kyl\u00e4, sen rannoille on syntynyt runsaasti my\u00f6s kes\u00e4asutusta vakituisen asumisen lis\u00e4ksi, kyl\u00e4 tuplaakin v\u00e4kim\u00e4\u00e4r\u00e4ns\u00e4 kes\u00e4isin. Luikala-Pohjalahti-Salmentaka \u2013kyl\u00e4yhdistyksen kes\u00e4tori on toiminut Luikalan Ty\u00f6v\u00e4entalon pihassa 1980-luvun lopulta n\u00e4ihin p\u00e4iviin saakka. Ty\u00f6v\u00e4entalo on rakennettu 1900-luvun alkuvuosina. Kyl\u00e4ss\u00e4 on viel\u00e4 useita maitotiloja, vire\u00e4\u00e4 maataloutta ja vakituisia asukkaita oli 35 vuonna 2015.<\/p>\n<p>&nbsp;<\/p>\n<p><!-- index.php -->\n<div\n\tclass=\"ngg-galleryoverview\n\t ngg-ajax-pagination-none\t\"\n\tid=\"ngg-gallery-74d51dbd13dda13fc742b0d4cbdd7f28-1\">\n\n\t\t\t<!-- Thumbnails -->\n\t\t\t\t<div id=\"ngg-image-0\" class=\"ngg-gallery-thumbnail-box\"\n\t\t\t\t\t\t\t\t\t\t\t>\n\t\t\t\t\t\t<div class=\"ngg-gallery-thumbnail\">\n\t\t\t<a href=\"http:\/\/salmentaka.com\/kyla\/wp-content\/gallery\/luikala\/LuikalanKyl%C3%A43.jpg\"\n\t\t\t\ttitle=\"\"\n\t\t\t\tdata-src=\"http:\/\/salmentaka.com\/kyla\/wp-content\/gallery\/luikala\/LuikalanKyl%C3%A43.jpg\"\n\t\t\t\tdata-thumbnail=\"http:\/\/salmentaka.com\/kyla\/wp-content\/gallery\/luikala\/thumbs\/thumbs_LuikalanKyl%C3%A43.jpg\"\n\t\t\t\tdata-image-id=\"11\"\n\t\t\t\tdata-title=\"LuikalanKyl\u00e43\"\n\t\t\t\tdata-description=\"\"\n\t\t\t\tdata-image-slug=\"luikalankyl%c3%a43\"\n\t\t\t\t\t\t\t\t\t\t\t\t\t\t\t\t\t\t\t\tclass=\"ngg-fancybox\" rel=\"74d51dbd13dda13fc742b0d4cbdd7f28\">\n\t\t\t\t\t\t\t\t<img\n\t\t\t\t\ttitle=\"LuikalanKyl\u00e43\"\n\t\t\t\t\talt=\"LuikalanKyl\u00e43\"\n\t\t\t\t\tsrc=\"http:\/\/salmentaka.com\/kyla\/wp-content\/gallery\/luikala\/cache\/LuikalanKyl%C3%A43.jpg-nggid0211-ngg0dyn-240x160x100-00f0w010c011r110f110r010t010.jpg\"\n\t\t\t\t\twidth=\"240\"\n\t\t\t\t\theight=\"160\"\n\t\t\t\t\tstyle=\"max-width:100%;\"\n\t\t\t\t\/>\n\t\t\t<\/a>\n\t\t<\/div>\n\t\t\t\t\t\t\t<\/div>\n\t\t\t\n\t\t\n\t\t\t\t<div id=\"ngg-image-1\" class=\"ngg-gallery-thumbnail-box\"\n\t\t\t\t\t\t\t\t\t\t\t>\n\t\t\t\t\t\t<div class=\"ngg-gallery-thumbnail\">\n\t\t\t<a href=\"http:\/\/salmentaka.com\/kyla\/wp-content\/gallery\/luikala\/LuikalanKyl%C3%A45.jpg\"\n\t\t\t\ttitle=\"\"\n\t\t\t\tdata-src=\"http:\/\/salmentaka.com\/kyla\/wp-content\/gallery\/luikala\/LuikalanKyl%C3%A45.jpg\"\n\t\t\t\tdata-thumbnail=\"http:\/\/salmentaka.com\/kyla\/wp-content\/gallery\/luikala\/thumbs\/thumbs_LuikalanKyl%C3%A45.jpg\"\n\t\t\t\tdata-image-id=\"13\"\n\t\t\t\tdata-title=\"LuikalanKyl\u00e45\"\n\t\t\t\tdata-description=\"\"\n\t\t\t\tdata-image-slug=\"luikalankyl%c3%a45-1\"\n\t\t\t\t\t\t\t\t\t\t\t\t\t\t\t\t\t\t\t\tclass=\"ngg-fancybox\" rel=\"74d51dbd13dda13fc742b0d4cbdd7f28\">\n\t\t\t\t\t\t\t\t<img\n\t\t\t\t\ttitle=\"LuikalanKyl\u00e45\"\n\t\t\t\t\talt=\"LuikalanKyl\u00e45\"\n\t\t\t\t\tsrc=\"http:\/\/salmentaka.com\/kyla\/wp-content\/gallery\/luikala\/cache\/LuikalanKyl%C3%A45.jpg-nggid0213-ngg0dyn-240x160x100-00f0w010c011r110f110r010t010.jpg\"\n\t\t\t\t\twidth=\"240\"\n\t\t\t\t\theight=\"160\"\n\t\t\t\t\tstyle=\"max-width:100%;\"\n\t\t\t\t\/>\n\t\t\t<\/a>\n\t\t<\/div>\n\t\t\t\t\t\t\t<\/div>\n\t\t\t\n\t\t\n\t\t\t\t<div id=\"ngg-image-2\" class=\"ngg-gallery-thumbnail-box\"\n\t\t\t\t\t\t\t\t\t\t\t>\n\t\t\t\t\t\t<div class=\"ngg-gallery-thumbnail\">\n\t\t\t<a href=\"http:\/\/salmentaka.com\/kyla\/wp-content\/gallery\/luikala\/LuikalaUimaranta.jpg\"\n\t\t\t\ttitle=\"\"\n\t\t\t\tdata-src=\"http:\/\/salmentaka.com\/kyla\/wp-content\/gallery\/luikala\/LuikalaUimaranta.jpg\"\n\t\t\t\tdata-thumbnail=\"http:\/\/salmentaka.com\/kyla\/wp-content\/gallery\/luikala\/thumbs\/thumbs_LuikalaUimaranta.jpg\"\n\t\t\t\tdata-image-id=\"14\"\n\t\t\t\tdata-title=\"LuikalaUimaranta\"\n\t\t\t\tdata-description=\"\"\n\t\t\t\tdata-image-slug=\"luikalauimaranta-1\"\n\t\t\t\t\t\t\t\t\t\t\t\t\t\t\t\t\t\t\t\tclass=\"ngg-fancybox\" rel=\"74d51dbd13dda13fc742b0d4cbdd7f28\">\n\t\t\t\t\t\t\t\t<img\n\t\t\t\t\ttitle=\"LuikalaUimaranta\"\n\t\t\t\t\talt=\"LuikalaUimaranta\"\n\t\t\t\t\tsrc=\"http:\/\/salmentaka.com\/kyla\/wp-content\/gallery\/luikala\/cache\/LuikalaUimaranta.jpg-nggid0214-ngg0dyn-240x160x100-00f0w010c011r110f110r010t010.jpg\"\n\t\t\t\t\twidth=\"240\"\n\t\t\t\t\theight=\"160\"\n\t\t\t\t\tstyle=\"max-width:100%;\"\n\t\t\t\t\/>\n\t\t\t<\/a>\n\t\t<\/div>\n\t\t\t\t\t\t\t<\/div>\n\t\t\t\n\t\t\n\t\t\n\t\t<!-- Pagination -->\n\t\t<div class='ngg-clear'><\/div>\t<\/div>\n<\/p>\n","protected":false},"excerpt":{"rendered":"<p>Luikala on ollut seitsem\u00e4n saaren kyl\u00e4, joilla on sijainnut 13 taloa. Luikalan varhaisista vaiheista kerrotaan tietoja kes\u00e4ll\u00e4 2016 ilmestyneess\u00e4 kyl\u00e4kirjassa \u201d\u00c4l\u00e4h\u00e4n h\u00e4tt\u00e4ile\u201d. Edelleenkin Luikala on kaksiosainen kyl\u00e4, Hiitolinnan kurvi erottaa&#8230;<\/p>\n","protected":false},"author":1,"featured_media":0,"parent":0,"menu_order":0,"comment_status":"closed","ping_status":"closed","template":"","meta":{"ngg_post_thumbnail":0,"footnotes":""},"class_list":["post-53","page","type-page","status-publish","hentry"],"_links":{"self":[{"href":"http:\/\/salmentaka.com\/kyla\/wp-json\/wp\/v2\/pages\/53","targetHints":{"allow":["GET"]}}],"collection":[{"href":"http:\/\/salmentaka.com\/kyla\/wp-json\/wp\/v2\/pages"}],"about":[{"href":"http:\/\/salmentaka.com\/kyla\/wp-json\/wp\/v2\/types\/page"}],"author":[{"embeddable":true,"href":"http:\/\/salmentaka.com\/kyla\/wp-json\/wp\/v2\/users\/1"}],"replies":[{"embeddable":true,"href":"http:\/\/salmentaka.com\/kyla\/wp-json\/wp\/v2\/comments?post=53"}],"version-history":[{"count":3,"href":"http:\/\/salmentaka.com\/kyla\/wp-json\/wp\/v2\/pages\/53\/revisions"}],"predecessor-version":[{"id":243,"href":"http:\/\/salmentaka.com\/kyla\/wp-json\/wp\/v2\/pages\/53\/revisions\/243"}],"wp:attachment":[{"href":"http:\/\/salmentaka.com\/kyla\/wp-json\/wp\/v2\/media?parent=53"}],"curies":[{"name":"wp","href":"https:\/\/api.w.org\/{rel}","templated":true}]}}